{"id":8,"date":"2026-05-03T21:19:08","date_gmt":"2026-05-03T21:19:08","guid":{"rendered":"https:\/\/modasatuaire.es\/?page_id=8"},"modified":"2026-05-03T23:27:26","modified_gmt":"2026-05-03T23:27:26","slug":"inicio","status":"publish","type":"page","link":"https:\/\/modasatuaire.es\/","title":{"rendered":"Inicio"},"content":{"rendered":"\n<p><strong>MODAS A TU AIRE<\/strong><\/p>\n\n\n\n<p>Moda actual y trajes de flamenca que marcan estilo.<\/p>\n\n\n\n<p>Descubre nuestra colecci\u00f3n de trajes de flamenca, batas de romer\u00eda y complementos exclusivos.<\/p>\n\n\n\n<p>Dise\u00f1os elegantes y env\u00edos a toda Espa\u00f1a.<\/p>\n\n\n\n<figure class=\"wp-block-image size-large\"><img loading=\"lazy\" decoding=\"async\" width=\"1024\" height=\"576\" src=\"https:\/\/modasatuaire.es\/wp-content\/uploads\/2026\/05\/5b20ff88-86d8-4bbb-bc1b-e7a95dd13497-1024x576.avif\" alt=\"\" class=\"wp-image-12\" srcset=\"https:\/\/modasatuaire.es\/wp-content\/uploads\/2026\/05\/5b20ff88-86d8-4bbb-bc1b-e7a95dd13497-1024x576.avif 1024w, https:\/\/modasatuaire.es\/wp-content\/uploads\/2026\/05\/5b20ff88-86d8-4bbb-bc1b-e7a95dd13497-300x169.avif 300w, https:\/\/modasatuaire.es\/wp-content\/uploads\/2026\/05\/5b20ff88-86d8-4bbb-bc1b-e7a95dd13497-768x432.avif 768w, https:\/\/modasatuaire.es\/wp-content\/uploads\/2026\/05\/5b20ff88-86d8-4bbb-bc1b-e7a95dd13497.avif 1296w\" sizes=\"auto, (max-width: 1024px) 100vw, 1024px\" \/><\/figure>\n\n\n\n<div class=\"wp-block-buttons is-layout-flex wp-block-buttons-is-layout-flex\"><\/div>\n\n\n\n<div class=\"wp-block-columns is-layout-flex wp-container-core-columns-is-layout-28f84493 wp-block-columns-is-layout-flex\">\n<div class=\"wp-block-column is-layout-flow wp-block-column-is-layout-flow\">\n<figure class=\"wp-block-image size-full\"><img loading=\"lazy\" decoding=\"async\" width=\"540\" height=\"832\" src=\"https:\/\/modasatuaire.es\/wp-content\/uploads\/2026\/05\/94f71e52-16c9-48cc-941b-829848af63f2-1.avif\" alt=\"\" class=\"wp-image-35\" srcset=\"https:\/\/modasatuaire.es\/wp-content\/uploads\/2026\/05\/94f71e52-16c9-48cc-941b-829848af63f2-1.avif 540w, https:\/\/modasatuaire.es\/wp-content\/uploads\/2026\/05\/94f71e52-16c9-48cc-941b-829848af63f2-1-195x300.avif 195w\" sizes=\"auto, (max-width: 540px) 100vw, 540px\" \/><\/figure>\n\n\n\n<h2 class=\"wp-block-heading has-medium-font-size\">Trajes de flamenca<\/h2>\n\n\n\n<div class=\"wp-block-buttons is-content-justification-right is-layout-flex wp-container-core-buttons-is-layout-d445cf74 wp-block-buttons-is-layout-flex\">\n<div class=\"wp-block-button has-custom-width wp-block-button__width-100\"><a class=\"wp-block-button__link wp-element-button\" href=\"\/trajes-de-flamenca\"> <code>VER COLECCI\u00d3N<\/code><\/a><\/div>\n<\/div>\n<\/div>\n\n\n\n<div class=\"wp-block-column is-layout-flow wp-block-column-is-layout-flow\">\n<figure class=\"wp-block-image size-full\"><img loading=\"lazy\" decoding=\"async\" width=\"360\" height=\"547\" src=\"https:\/\/modasatuaire.es\/wp-content\/uploads\/2026\/05\/c1b0699d-bd01-4ca9-b633-8ded7146edae-2.avif\" alt=\"\" class=\"wp-image-38\" srcset=\"https:\/\/modasatuaire.es\/wp-content\/uploads\/2026\/05\/c1b0699d-bd01-4ca9-b633-8ded7146edae-2.avif 360w, https:\/\/modasatuaire.es\/wp-content\/uploads\/2026\/05\/c1b0699d-bd01-4ca9-b633-8ded7146edae-2-197x300.avif 197w\" sizes=\"auto, (max-width: 360px) 100vw, 360px\" \/><\/figure>\n\n\n\n<h2 class=\"wp-block-heading has-medium-font-size\">Batas de romer\u00eda<\/h2>\n\n\n\n<div class=\"wp-block-buttons is-layout-flex wp-block-buttons-is-layout-flex\">\n<div class=\"wp-block-button\"><a class=\"wp-block-button__link wp-element-button\" href=\"\/batas-de-romeria\"> <code>VER COLECCI\u00d3N<\/code><\/a><\/div>\n<\/div>\n<\/div>\n\n\n\n<div class=\"wp-block-column is-layout-flow wp-block-column-is-layout-flow\">\n<figure class=\"wp-block-image size-large is-resized\"><img loading=\"lazy\" decoding=\"async\" width=\"722\" height=\"1024\" src=\"https:\/\/modasatuaire.es\/wp-content\/uploads\/2026\/05\/e8b75787-bc65-4ef2-a117-901bde08c004-722x1024.jpg\" alt=\"\" class=\"wp-image-46\" style=\"aspect-ratio:0.5625;object-fit:cover;width:152px;height:auto\" srcset=\"https:\/\/modasatuaire.es\/wp-content\/uploads\/2026\/05\/e8b75787-bc65-4ef2-a117-901bde08c004-722x1024.jpg 722w, https:\/\/modasatuaire.es\/wp-content\/uploads\/2026\/05\/e8b75787-bc65-4ef2-a117-901bde08c004-211x300.jpg 211w, https:\/\/modasatuaire.es\/wp-content\/uploads\/2026\/05\/e8b75787-bc65-4ef2-a117-901bde08c004-768x1089.jpg 768w, https:\/\/modasatuaire.es\/wp-content\/uploads\/2026\/05\/e8b75787-bc65-4ef2-a117-901bde08c004.jpg 1080w\" sizes=\"auto, (max-width: 722px) 100vw, 722px\" \/><\/figure>\n\n\n\n<h2 class=\"wp-block-heading has-text-align-center has-large-font-size\">Complementos<\/h2>\n\n\n\n<div class=\"wp-block-buttons is-layout-flex wp-block-buttons-is-layout-flex\">\n<div class=\"wp-block-button\"><a class=\"wp-block-button__link wp-element-button\" href=\"\/complementos\"> <code>VER COLECCI\u00d3N<\/code><\/a><\/div>\n<\/div>\n<\/div>\n<\/div>\n\n\n\n<p class=\"has-text-align-center\">\u201c\u2728 M\u00e1s de 1000 clientas satisfechas<br>\ud83d\ude9a Env\u00edos a toda Espa\u00f1a<br>\ud83c\udf81 Regalo de flor y mant\u00f3n en muchos modelos<br>\ud83d\udcf2 Atenci\u00f3n directa por WhatsApp\u201d<\/p>\n\n\n\n<div class=\"wp-block-buttons is-layout-flex wp-block-buttons-is-layout-flex\">\n<div class=\"wp-block-button has-custom-width wp-block-button__width-100 is-style-outline is-style-outline--1\"><a class=\"wp-block-button__link has-text-color has-background has-link-color wp-element-button\" href=\"https:\/\/wa.me\/34623490882?text=Hola%20quiero%20informaci\u00f3n%20sobre%20trajes%20de%20flamenca\" style=\"color:#181818;background-color:#4ca83b\">\ud83d\udcf2 RESERVA EL TUYO AHORA<\/a><\/div>\n<\/div>\n\n\n\n<p class=\"has-text-align-center is-style-default\"><strong><em>\u26a0\ufe0f Unidades limitadas \u2013 se agotan r\u00e1pido<\/em><\/strong><\/p>\n\n\n\n<p class=\"has-text-color has-link-color wp-elements-e700f0833c21c49c7c177ec37a487d3d\" style=\"color:#151515\"><\/p>\n\n\n\n<p class=\"has-contrast-color has-text-color has-link-color wp-elements-60bf8c67e2b6a9a3c02661d382b116e1\"><\/p>\n","protected":false},"excerpt":{"rendered":"<p>MODAS A TU AIRE Moda actual y trajes de flamenca que marcan estilo. Descubre nuestra colecci\u00f3n de trajes de flamenca, batas de romer\u00eda y complementos exclusivos. Dise\u00f1os elegantes y env\u00edos a toda Espa\u00f1a. Trajes de flamenca Batas de romer\u00eda Complementos \u201c\u2728 M\u00e1s de 1000 clientas satisfechas\ud83d\ude9a Env\u00edos a toda Espa\u00f1a\ud83c\udf81 Regalo de flor y mant\u00f3n [&hellip;]<\/p>\n","protected":false},"author":1,"featured_media":0,"parent":0,"menu_order":0,"comment_status":"closed","ping_status":"closed","template":"","meta":{"footnotes":""},"class_list":["post-8","page","type-page","status-publish","hentry"],"_links":{"self":[{"href":"https:\/\/modasatuaire.es\/index.php?rest_route=\/wp\/v2\/pages\/8","targetHints":{"allow":["GET"]}}],"collection":[{"href":"https:\/\/modasatuaire.es\/index.php?rest_route=\/wp\/v2\/pages"}],"about":[{"href":"https:\/\/modasatuaire.es\/index.php?rest_route=\/wp\/v2\/types\/page"}],"author":[{"embeddable":true,"href":"https:\/\/modasatuaire.es\/index.php?rest_route=\/wp\/v2\/users\/1"}],"replies":[{"embeddable":true,"href":"https:\/\/modasatuaire.es\/index.php?rest_route=%2Fwp%2Fv2%2Fcomments&post=8"}],"version-history":[{"count":18,"href":"https:\/\/modasatuaire.es\/index.php?rest_route=\/wp\/v2\/pages\/8\/revisions"}],"predecessor-version":[{"id":60,"href":"https:\/\/modasatuaire.es\/index.php?rest_route=\/wp\/v2\/pages\/8\/revisions\/60"}],"wp:attachment":[{"href":"https:\/\/modasatuaire.es\/index.php?rest_route=%2Fwp%2Fv2%2Fmedia&parent=8"}],"curies":[{"name":"wp","href":"https:\/\/api.w.org\/{rel}","templated":true}]}}